{"id":74,"date":"2021-02-19T17:56:19","date_gmt":"2021-02-19T17:56:19","guid":{"rendered":"http:\/\/privacyconsulting.es\/?page_id=74"},"modified":"2022-04-23T21:49:31","modified_gmt":"2022-04-23T21:49:31","slug":"plan-business","status":"publish","type":"page","link":"https:\/\/privacyconsulting.es\/?page_id=74","title":{"rendered":"PLAN BUSINESS"},"content":{"rendered":"\n<figure class=\"wp-block-image size-large\"><img loading=\"lazy\" decoding=\"async\" width=\"1024\" height=\"341\" src=\"https:\/\/privacyconsulting.es\/wp-content\/uploads\/2021\/02\/cropped-cropped-Privacy-Consulting-1-1-1024x341.png\" alt=\"\" class=\"wp-image-455\" srcset=\"https:\/\/privacyconsulting.es\/wp-content\/uploads\/2021\/02\/cropped-cropped-Privacy-Consulting-1-1-1024x341.png 1024w, https:\/\/privacyconsulting.es\/wp-content\/uploads\/2021\/02\/cropped-cropped-Privacy-Consulting-1-1-300x100.png 300w, https:\/\/privacyconsulting.es\/wp-content\/uploads\/2021\/02\/cropped-cropped-Privacy-Consulting-1-1-768x256.png 768w, https:\/\/privacyconsulting.es\/wp-content\/uploads\/2021\/02\/cropped-cropped-Privacy-Consulting-1-1-1536x512.png 1536w, https:\/\/privacyconsulting.es\/wp-content\/uploads\/2021\/02\/cropped-cropped-Privacy-Consulting-1-1-2048x682.png 2048w, https:\/\/privacyconsulting.es\/wp-content\/uploads\/2021\/02\/cropped-cropped-Privacy-Consulting-1-1-600x200.png 600w, https:\/\/privacyconsulting.es\/wp-content\/uploads\/2021\/02\/cropped-cropped-Privacy-Consulting-1-1-280x93.png 280w\" sizes=\"auto, (max-width: 1024px) 100vw, 1024px\" \/><\/figure>\n\n\n\n<figure class=\"wp-block-pullquote\"><blockquote><p>En <strong>JMSM PRIVACY CONSULTING<\/strong> te ofrecemos nuestro <strong>PLAN BUSINESS<\/strong>, un servicio innovador y totalmente automatizado para adaptar tu empresa al Reglamento General de Protecci\u00f3n de Datos (RGPD). Recuerda, no hacerlo puede suponer una sanci\u00f3n de hasta el 4% del volumen de negocio anual o de 20 millones de euros.<\/p><\/blockquote><\/figure>\n\n\n\n<blockquote class=\"wp-block-quote is-layout-flow wp-block-quote-is-layout-flow\"><p><strong>REGLAMENTO EUROPEO DE PROTECCI\u00d3N DE DATOS (RGPD)<\/strong><\/p><\/blockquote>\n\n\n\n<p class=\"has-text-align-center\"><strong>Adecuaci\u00f3n a las leyes de Protecci\u00f3n de Datos<\/strong><\/p>\n\n\n\n<p class=\"has-text-align-center\">Para dar respuesta a la revoluci\u00f3n tecnol\u00f3gica, en&nbsp;2016 entr\u00f3 en vigor el&nbsp;<strong>Reglamento Europeo de Protecci\u00f3n de Datos<\/strong>, que impone nuevas y m\u00e1s exigentes obligaciones&nbsp;para&nbsp;<strong>garantizar la privacidad<\/strong>&nbsp;como derecho fundamental.<\/p>\n\n\n\n<p class=\"has-text-align-center\">El&nbsp;RGPD unifica y moderniza la normativa europea de protecci\u00f3n de datos, permitiendo a los ciudadanos un mejor control de sus datos y a las empresas aprovechar al m\u00e1ximo las oportunidades de un mercado \u00fanico digital, benefici\u00e1ndose de una mayor confianza de los consumidores.<\/p>\n\n\n\n<p class=\"has-text-align-center\">El Reglamento Europeo estableci\u00f3 un periodo transitorio de 2 a\u00f1os, que&nbsp;finaliz\u00f3 el&nbsp;<strong>25 de mayo de 2018<\/strong>. Desde entonces&nbsp;todas las empresas&nbsp;tienen que haberse actualizado a los nuevos requerimientos, incorporando nuevas medidas t\u00e9cnicas y organizativas.<\/p>\n\n\n\n<blockquote class=\"wp-block-quote has-text-align-center is-layout-flow wp-block-quote-is-layout-flow\"><p><strong>NUEVA LOPDGDD<\/strong><\/p><\/blockquote>\n\n\n\n<p class=\"has-text-align-center\">A finales de 2018 Espa\u00f1a aprob\u00f3&nbsp;la nueva&nbsp;<strong>Ley Org\u00e1nica 3\/2018 de Protecci\u00f3n de Datos Personales y garant\u00eda de los derechos<\/strong>. La LOPDGDD es la nueva normativa que adapta la legislaci\u00f3n espa\u00f1ola al Reglamento Europeo de Protecci\u00f3n de Datos (RGPD) y deroga la anterior LOPD de 1999. Esta nueva ley complementa al RGPD&nbsp;y desarrolla algunas materias que este mismo contempla, introduciendo nuevas obligaciones para las empresas.<\/p>\n\n\n\n<p class=\"has-text-align-center\">Entre las novedades que presenta, destaca el T\u00edtulo X que introduce por primera vez una bater\u00eda de&nbsp;<strong>derechos digitales<\/strong>, con el objetivo de reconocer y garantizar los derechos y libertades de los ciudadanos en&nbsp;internet.<\/p>\n\n\n\n<blockquote class=\"wp-block-quote has-text-align-center is-layout-flow wp-block-quote-is-layout-flow\"><p><strong>CULTURA DE PRIVACIDAD<\/strong><\/p><\/blockquote>\n\n\n\n<p class=\"has-text-align-center\">Las nuevas leyes de protecci\u00f3n de datos pretenden consolidar una verdadera&nbsp;<strong>cultura de privacidad<\/strong>&nbsp;en nuestro tejido empresarial&nbsp;y proteger eficientemente los datos personales de todos los ciudadanos europeos. Lo que hasta ahora era simplemente una obligaci\u00f3n legal deber\u00e1 convertirse en una pr\u00e1ctica habitual que tenga el objetivo de proteger los datos personales y posibilite el ejercicio de los derechos de personas que los ceden.<\/p>\n\n\n\n<h2 class=\"has-text-align-center wp-block-heading\">\u00bfQu\u00e9 supone la implantaci\u00f3n del RGPD?<\/h2>\n\n\n\n<div class=\"wp-block-image\"><figure class=\"aligncenter size-large\"><img loading=\"lazy\" decoding=\"async\" width=\"1024\" height=\"1024\" src=\"https:\/\/privacyconsulting.es\/wp-content\/uploads\/2022\/04\/REDES-SOCIALES-2-1024x1024.png\" alt=\"\" class=\"wp-image-494\" srcset=\"https:\/\/privacyconsulting.es\/wp-content\/uploads\/2022\/04\/REDES-SOCIALES-2-1024x1024.png 1024w, https:\/\/privacyconsulting.es\/wp-content\/uploads\/2022\/04\/REDES-SOCIALES-2-300x300.png 300w, https:\/\/privacyconsulting.es\/wp-content\/uploads\/2022\/04\/REDES-SOCIALES-2-150x150.png 150w, https:\/\/privacyconsulting.es\/wp-content\/uploads\/2022\/04\/REDES-SOCIALES-2-768x768.png 768w, https:\/\/privacyconsulting.es\/wp-content\/uploads\/2022\/04\/REDES-SOCIALES-2-1536x1536.png 1536w, https:\/\/privacyconsulting.es\/wp-content\/uploads\/2022\/04\/REDES-SOCIALES-2-2048x2048.png 2048w, https:\/\/privacyconsulting.es\/wp-content\/uploads\/2022\/04\/REDES-SOCIALES-2-600x600.png 600w, https:\/\/privacyconsulting.es\/wp-content\/uploads\/2022\/04\/REDES-SOCIALES-2-160x160.png 160w, https:\/\/privacyconsulting.es\/wp-content\/uploads\/2022\/04\/REDES-SOCIALES-2-640x640.png 640w, https:\/\/privacyconsulting.es\/wp-content\/uploads\/2022\/04\/REDES-SOCIALES-2-50x50.png 50w\" sizes=\"auto, (max-width: 1024px) 100vw, 1024px\" \/><\/figure><\/div>\n\n\n\n<h2 class=\"has-text-align-center wp-block-heading\"><strong>Entorno Cloud<\/strong> colaborativo y <strong>100% seguro<\/strong>.<\/h2>\n\n\n\n<h2 class=\"has-text-align-center wp-block-heading\">Asesoramiento Profesional ONLINE.<\/h2>\n\n\n\n<p class=\"has-text-align-center\">Somos tu empresa de protecci\u00f3n de datos. El RGPD se aplica a los negocios, y empresas cuya actividad que constituyan el objeto social de la empresa deben incluir actividades en las que el tratamiento de datos forme una parte indisoluble. Si necesitas adaptar tu empresa a la nueva&nbsp; ley de protecci\u00f3n de datos cont\u00e1ctanos.<\/p>\n\n\n\n<p class=\"has-text-align-center\"><strong>\u00bfCu\u00e1nto vale la tranquilidad para tu negocio?<\/strong><\/p>\n\n\n\n<p class=\"has-text-align-center\">Ponte en nuestras manos, somos especialistas en Protecci\u00f3n de Datos. Asesoramos a empresarios y entidades para que cumplan con las obligaciones que impone la Ley Org\u00e1nica de Protecci\u00f3n de Datos de Car\u00e1cter Personal.<\/p>\n\n\n\n<blockquote class=\"wp-block-quote has-text-align-center is-layout-flow wp-block-quote-is-layout-flow\"><p><strong>Formaci\u00f3n en LOPD<\/strong><\/p><\/blockquote>\n\n\n\n<p class=\"has-text-align-center\">Mantener formado al personal de la empresa en la LOPD asegura el \u00e9xito en su cumplimiento. Ofrecemos formaci\u00f3n continua gracias a <strong>GRUPO GESFORTEC, S.L. ENTERPRISE ESPA\u00d1A<\/strong> en materia de Protecci\u00f3n de Datos tanto en modo presencial como online dotando al personal de la empresa de las herramientas necesarias para hacer frente al d\u00eda a d\u00eda sin mayores complicaciones.<\/p>\n\n\n\n<figure class=\"wp-block-pullquote\"><blockquote><p><strong>Ten presente<\/strong><\/p><p><strong>El que no conozcas la ley no te exime de su cumplimiento<\/strong><\/p><\/blockquote><\/figure>\n\n\n\n<p><\/p>\n","protected":false},"excerpt":{"rendered":"<p>En JMSM PRIVACY CONSULTING te ofrecemos nuestro PLAN BUSINESS, un servicio innovador y totalmente automatizado para adaptar tu empresa al Reglamento General de Protecci\u00f3n de Datos (RGPD). Recuerda, no hacerlo puede suponer una sanci\u00f3n de hasta el 4% del volumen de negocio anual o de 20 millones de euros. REGLAMENTO EUROPEO DE PROTECCI\u00d3N DE DATOS [&hellip;]<\/p>\n","protected":false},"author":1,"featured_media":488,"parent":0,"menu_order":0,"comment_status":"closed","ping_status":"closed","template":"","meta":{"footnotes":""},"class_list":["post-74","page","type-page","status-publish","has-post-thumbnail","hentry"],"_links":{"self":[{"href":"https:\/\/privacyconsulting.es\/index.php?rest_route=\/wp\/v2\/pages\/74","targetHints":{"allow":["GET"]}}],"collection":[{"href":"https:\/\/privacyconsulting.es\/index.php?rest_route=\/wp\/v2\/pages"}],"about":[{"href":"https:\/\/privacyconsulting.es\/index.php?rest_route=\/wp\/v2\/types\/page"}],"author":[{"embeddable":true,"href":"https:\/\/privacyconsulting.es\/index.php?rest_route=\/wp\/v2\/users\/1"}],"replies":[{"embeddable":true,"href":"https:\/\/privacyconsulting.es\/index.php?rest_route=%2Fwp%2Fv2%2Fcomments&post=74"}],"version-history":[{"count":5,"href":"https:\/\/privacyconsulting.es\/index.php?rest_route=\/wp\/v2\/pages\/74\/revisions"}],"predecessor-version":[{"id":587,"href":"https:\/\/privacyconsulting.es\/index.php?rest_route=\/wp\/v2\/pages\/74\/revisions\/587"}],"wp:featuredmedia":[{"embeddable":true,"href":"https:\/\/privacyconsulting.es\/index.php?rest_route=\/wp\/v2\/media\/488"}],"wp:attachment":[{"href":"https:\/\/privacyconsulting.es\/index.php?rest_route=%2Fwp%2Fv2%2Fmedia&parent=74"}],"curies":[{"name":"wp","href":"https:\/\/api.w.org\/{rel}","templated":true}]}}