{"id":57,"date":"2021-02-17T14:50:29","date_gmt":"2021-02-17T14:50:29","guid":{"rendered":"http:\/\/privacyconsulting.es\/?page_id=57"},"modified":"2021-09-26T08:53:47","modified_gmt":"2021-09-26T08:53:47","slug":"servicio-profesional-rgpd-lopdgdd","status":"publish","type":"page","link":"https:\/\/privacyconsulting.es\/?page_id=57","title":{"rendered":"SERVICIO PROFESIONAL RGPD-LOPDGDD"},"content":{"rendered":"\n<div class=\"wp-block-image\"><figure class=\"aligncenter size-large\"><img loading=\"lazy\" decoding=\"async\" width=\"400\" height=\"150\" src=\"https:\/\/privacyconsulting.es\/wp-content\/uploads\/2021\/02\/cropped-cropped-cropped-JMSM-Transparente-e1613499886379.png\" alt=\"\" class=\"wp-image-52\" srcset=\"https:\/\/privacyconsulting.es\/wp-content\/uploads\/2021\/02\/cropped-cropped-cropped-JMSM-Transparente-e1613499886379.png 400w, https:\/\/privacyconsulting.es\/wp-content\/uploads\/2021\/02\/cropped-cropped-cropped-JMSM-Transparente-e1613499886379-300x113.png 300w\" sizes=\"auto, (max-width: 400px) 100vw, 400px\" \/><\/figure><\/div>\n\n\n\n<blockquote class=\"wp-block-quote is-layout-flow wp-block-quote-is-layout-flow\"><p>Cero preocupaciones. Nos ocupamos de todo para proteger tu negocio de forma total.<\/p><\/blockquote>\n\n\n\n<h2 class=\"wp-block-heading\"><strong>\u00bfSABES<\/strong> A CU\u00c1NTO ASCIENDE LA SANCI\u00d3N POR INCUMPLIR LA LEY DE PROTECCI\u00d3N DE DATOS?<\/h2>\n\n\n\n<p><strong>Las sanciones por incumplir la legislaci\u00f3n son muy elevadas<\/strong>, pudiendo alcanzar los 20.000.000\u20ac (o el 4% de la facturaci\u00f3n anual).&nbsp;<\/p>\n\n\n\n<p>Evitar la sanci\u00f3n cumpliendo la normativa de Protecci\u00f3n de datos, adem\u00e1s de ahorrarte dinero&nbsp;<strong>generar\u00e1s mayor confianza en tus clientes, profesionalidad y prestigio<\/strong>.<\/p>\n\n\n\n<p>Despu\u00e9s de conocer la repercusi\u00f3n tiene el incumplimiento de la Ley org\u00e1nica de Protecci\u00f3n de datos es probable que hayas pensado que:<\/p>\n\n\n\n<ul class=\"wp-block-list\"><li>Cumplir con la Ley de Protecci\u00f3n de datos tiene un precio elevado<\/li><li>Es otra forma de sacar dinero a las empresas<\/li><\/ul>\n\n\n\n<p>Realmente la ley est\u00e1 hecha para que cualquiera de nosotros est\u00e9 en su total libertad de elegir quien? puede o no, tener nuestros datos personales.<\/p>\n\n\n\n<p>Y si nos encontramos en alguna situaci\u00f3n de abuso podamos ejercer nuestros derechos.<\/p>\n","protected":false},"excerpt":{"rendered":"<p>Cero preocupaciones. Nos ocupamos de todo para proteger tu negocio de forma total. \u00bfSABES A CU\u00c1NTO ASCIENDE LA SANCI\u00d3N POR INCUMPLIR LA LEY DE PROTECCI\u00d3N DE DATOS? Las sanciones por incumplir la legislaci\u00f3n son muy elevadas, pudiendo alcanzar los 20.000.000\u20ac (o el 4% de la facturaci\u00f3n anual).&nbsp; Evitar la sanci\u00f3n cumpliendo la normativa de Protecci\u00f3n [&hellip;]<\/p>\n","protected":false},"author":1,"featured_media":0,"parent":0,"menu_order":0,"comment_status":"closed","ping_status":"closed","template":"","meta":{"footnotes":""},"class_list":["post-57","page","type-page","status-publish","hentry"],"_links":{"self":[{"href":"https:\/\/privacyconsulting.es\/index.php?rest_route=\/wp\/v2\/pages\/57","targetHints":{"allow":["GET"]}}],"collection":[{"href":"https:\/\/privacyconsulting.es\/index.php?rest_route=\/wp\/v2\/pages"}],"about":[{"href":"https:\/\/privacyconsulting.es\/index.php?rest_route=\/wp\/v2\/types\/page"}],"author":[{"embeddable":true,"href":"https:\/\/privacyconsulting.es\/index.php?rest_route=\/wp\/v2\/users\/1"}],"replies":[{"embeddable":true,"href":"https:\/\/privacyconsulting.es\/index.php?rest_route=%2Fwp%2Fv2%2Fcomments&post=57"}],"version-history":[{"count":6,"href":"https:\/\/privacyconsulting.es\/index.php?rest_route=\/wp\/v2\/pages\/57\/revisions"}],"predecessor-version":[{"id":358,"href":"https:\/\/privacyconsulting.es\/index.php?rest_route=\/wp\/v2\/pages\/57\/revisions\/358"}],"wp:attachment":[{"href":"https:\/\/privacyconsulting.es\/index.php?rest_route=%2Fwp%2Fv2%2Fmedia&parent=57"}],"curies":[{"name":"wp","href":"https:\/\/api.w.org\/{rel}","templated":true}]}}