{"id":536,"date":"2022-04-24T18:54:07","date_gmt":"2022-04-24T18:54:07","guid":{"rendered":"https:\/\/privacyconsulting.es\/?page_id=536"},"modified":"2022-04-24T19:17:03","modified_gmt":"2022-04-24T19:17:03","slug":"trabaja-con-nosotros","status":"publish","type":"page","link":"https:\/\/privacyconsulting.es\/?page_id=536","title":{"rendered":"TRABAJA CON NOSOTROS"},"content":{"rendered":"\n<p><\/p>\n\n\n\n<p class=\"has-text-align-center\">En <strong>JMSM PRIVACY CONSULTING<\/strong>, estamos comprometidos en la b\u00fasqueda permanente de talento para nuestra organizaci\u00f3n.<br>Estamos convencidos de que son las personas las que marcan la diferencia. Si est\u00e1s buscando un reto atractivo que te permita crecer profesionalmente\u00a0<strong>\u00fanete<\/strong>.<\/p>\n\n\n\n<figure class=\"wp-block-pullquote\"><blockquote><p>\u00bfQUIERES SER PARTE DE NUESTRO EQUIPO?<\/p><\/blockquote><\/figure>\n\n\n\n<p class=\"has-text-align-center\"><strong>NOS DIFERENCIAMOS POR UNA PROFUNDA EXPERIENCIA Y CREEMOS EN LA EXCELENCIA. COMO RESULTADO, TENEMOS UN MAYOR IMPACTO EN NUESTROS CLIENTES Y SUS INDUSTRIAS QUE NUESTROS COMPETIDORES<\/strong><\/p>\n\n\n\n<h2 class=\"wp-block-heading\">Buscamos continuamente nuevos talentos en nuestros departamentos de:<\/h2>\n\n\n\n<ul class=\"wp-block-list\"><li>Departamento de administraci\u00f3n<\/li><li>Asesores T\u00e9cnicos<\/li><li>Departamento de Call Center<\/li><\/ul>\n\n\n\n<figure class=\"wp-block-image size-large\"><img loading=\"lazy\" decoding=\"async\" width=\"1024\" height=\"666\" src=\"https:\/\/privacyconsulting.es\/wp-content\/uploads\/2022\/04\/Diseno-sin-titulo-2-1024x666.png\" alt=\"\" class=\"wp-image-461\" srcset=\"https:\/\/privacyconsulting.es\/wp-content\/uploads\/2022\/04\/Diseno-sin-titulo-2-1024x666.png 1024w, https:\/\/privacyconsulting.es\/wp-content\/uploads\/2022\/04\/Diseno-sin-titulo-2-300x195.png 300w, https:\/\/privacyconsulting.es\/wp-content\/uploads\/2022\/04\/Diseno-sin-titulo-2-768x499.png 768w, https:\/\/privacyconsulting.es\/wp-content\/uploads\/2022\/04\/Diseno-sin-titulo-2-1536x998.png 1536w, https:\/\/privacyconsulting.es\/wp-content\/uploads\/2022\/04\/Diseno-sin-titulo-2-2048x1331.png 2048w, https:\/\/privacyconsulting.es\/wp-content\/uploads\/2022\/04\/Diseno-sin-titulo-2-600x390.png 600w, https:\/\/privacyconsulting.es\/wp-content\/uploads\/2022\/04\/Diseno-sin-titulo-2-246x160.png 246w\" sizes=\"auto, (max-width: 1024px) 100vw, 1024px\" \/><\/figure>\n\n\n\n<blockquote class=\"wp-block-quote is-layout-flow wp-block-quote-is-layout-flow\"><p>Env\u00edanos tu curriculum a info@privacyconsulting.es<\/p><\/blockquote>\n\n\n\n<h2 class=\"has-text-align-center wp-block-heading\">\u00bfQuieres formar parte de nuestra red de partners?<\/h2>\n\n\n\n<p class=\"has-text-align-center\">Buscamos partners que quieran ampliar y mejorar su negocio con nosotros, a trav\u00e9s de un modelo colaborativo y flexible.<\/p>\n\n\n\n<h5 class=\"has-text-align-center wp-block-heading\">+ informaci\u00f3n en info@privacyconsulting.es<\/h5>\n\n\n\n<p><\/p>\n","protected":false},"excerpt":{"rendered":"<p>En JMSM PRIVACY CONSULTING, estamos comprometidos en la b\u00fasqueda permanente de talento para nuestra organizaci\u00f3n.Estamos convencidos de que son las personas las que marcan la diferencia. Si est\u00e1s buscando un reto atractivo que te permita crecer profesionalmente\u00a0\u00fanete. \u00bfQUIERES SER PARTE DE NUESTRO EQUIPO? NOS DIFERENCIAMOS POR UNA PROFUNDA EXPERIENCIA Y CREEMOS EN LA EXCELENCIA. COMO [&hellip;]<\/p>\n","protected":false},"author":1,"featured_media":0,"parent":0,"menu_order":0,"comment_status":"closed","ping_status":"closed","template":"","meta":{"footnotes":""},"class_list":["post-536","page","type-page","status-publish","hentry"],"_links":{"self":[{"href":"https:\/\/privacyconsulting.es\/index.php?rest_route=\/wp\/v2\/pages\/536","targetHints":{"allow":["GET"]}}],"collection":[{"href":"https:\/\/privacyconsulting.es\/index.php?rest_route=\/wp\/v2\/pages"}],"about":[{"href":"https:\/\/privacyconsulting.es\/index.php?rest_route=\/wp\/v2\/types\/page"}],"author":[{"embeddable":true,"href":"https:\/\/privacyconsulting.es\/index.php?rest_route=\/wp\/v2\/users\/1"}],"replies":[{"embeddable":true,"href":"https:\/\/privacyconsulting.es\/index.php?rest_route=%2Fwp%2Fv2%2Fcomments&post=536"}],"version-history":[{"count":3,"href":"https:\/\/privacyconsulting.es\/index.php?rest_route=\/wp\/v2\/pages\/536\/revisions"}],"predecessor-version":[{"id":539,"href":"https:\/\/privacyconsulting.es\/index.php?rest_route=\/wp\/v2\/pages\/536\/revisions\/539"}],"wp:attachment":[{"href":"https:\/\/privacyconsulting.es\/index.php?rest_route=%2Fwp%2Fv2%2Fmedia&parent=536"}],"curies":[{"name":"wp","href":"https:\/\/api.w.org\/{rel}","templated":true}]}}