{"id":351,"date":"2021-09-25T21:42:54","date_gmt":"2021-09-25T21:42:54","guid":{"rendered":"https:\/\/privacyconsulting.es\/?page_id=351"},"modified":"2022-04-23T17:13:46","modified_gmt":"2022-04-23T17:13:46","slug":"codigo-etico","status":"publish","type":"page","link":"https:\/\/privacyconsulting.es\/?page_id=351","title":{"rendered":"C\u00d3DIGO \u00c9TICO"},"content":{"rendered":"\n<blockquote class=\"wp-block-quote has-text-align-center is-layout-flow wp-block-quote-is-layout-flow\"><p>Confianza y compromiso para construir el mejor camino<\/p><\/blockquote>\n\n\n\n<figure class=\"wp-block-image size-large\"><img loading=\"lazy\" decoding=\"async\" width=\"1024\" height=\"666\" src=\"https:\/\/privacyconsulting.es\/wp-content\/uploads\/2022\/04\/Diseno-sin-titulo-3-1024x666.png\" alt=\"\" class=\"wp-image-467\" srcset=\"https:\/\/privacyconsulting.es\/wp-content\/uploads\/2022\/04\/Diseno-sin-titulo-3-1024x666.png 1024w, https:\/\/privacyconsulting.es\/wp-content\/uploads\/2022\/04\/Diseno-sin-titulo-3-300x195.png 300w, https:\/\/privacyconsulting.es\/wp-content\/uploads\/2022\/04\/Diseno-sin-titulo-3-768x499.png 768w, https:\/\/privacyconsulting.es\/wp-content\/uploads\/2022\/04\/Diseno-sin-titulo-3-1536x998.png 1536w, https:\/\/privacyconsulting.es\/wp-content\/uploads\/2022\/04\/Diseno-sin-titulo-3-2048x1331.png 2048w, https:\/\/privacyconsulting.es\/wp-content\/uploads\/2022\/04\/Diseno-sin-titulo-3-600x390.png 600w, https:\/\/privacyconsulting.es\/wp-content\/uploads\/2022\/04\/Diseno-sin-titulo-3-246x160.png 246w\" sizes=\"auto, (max-width: 1024px) 100vw, 1024px\" \/><\/figure>\n\n\n\n<figure class=\"wp-block-pullquote\"><blockquote><p>Todos los que formamos <strong>JMSM PRIVACY CONSULTING<\/strong> tenemos un fuerte compromiso con los valores que definen nuestra relaci\u00f3n con clientes y colaboradores, o con nuestros propios compa\u00f1eros.<br>Nuestro c\u00f3digo \u00e9tico o de conducta constituye una declaraci\u00f3n expresa de los valores, principios y normas que gu\u00edan el trabajo de todos los que formamos  <strong>JMSM PRIVACY CONSULTING<\/strong> , para el desarrollo responsable de nuestra actividad profesional, tanto en las relaciones entre los empleados de las empresas del grupo, como con clientes, proveedores, colaboradores externos e instituciones p\u00fablicas y privadas.<br>Este c\u00f3digo persigue prevenir comportamientos delictivos e il\u00edcitos, estableciendo una gu\u00eda de referencia y mecanismos de seguimiento y control para garantizar su cumplimiento.<br>Ante las situaciones que no est\u00e9n recogidas en este c\u00f3digo de conducta tenemos el compromiso de comportarnos igualmente con honestidad e integridad.<\/p><\/blockquote><\/figure>\n\n\n\n<p class=\"has-text-align-center\">Nuestros valores contribuyen a garantizar e incrementar de manera sostenida y continuada la satisfacci\u00f3n, no solo de nuestros clientes, sino de todos los grupos de inter\u00e9s y partes interesadas con las que interactuamos en nuestro d\u00eda a d\u00eda.<\/p>\n\n\n\n<h2 class=\"has-text-align-center wp-block-heading\">Nuestra misi\u00f3n y valores<\/h2>\n\n\n\n<ul class=\"wp-block-list\"><li><strong>Confiables:<\/strong> tenemos la calidad humana, experiencia, habilidades y competencias t\u00e9cnicas para generar relaciones s\u00f3lidas y duraderas con clientes, alumnos y proveedores.<\/li><li><strong>Resilientes:<\/strong> Nos adaptamos a los cambios con optimismo para transformar las dificultades en oportunidades y obtener resultados positivos.<\/li><li><strong>Resolutivos:<\/strong> buscamos soluciones innovadoras con anticipaci\u00f3n y agilidad; tomamos decisiones responsables sin miedo a equivocarnos para dar respuesta a los desaf\u00edos de nuestros clientes.<\/li><li><strong>Innovadores:<\/strong> ideamos soluciones diferentes con creatividad, pasi\u00f3n y pensamiento cr\u00edtico para mejorar la calidad de nuestros servicios y proporcionar experiencias \u00fanicas a nuestros clientes.<\/li><li><strong>Comprometidos:<\/strong> Nos implicamos en la b\u00fasqueda constante del bienestar econ\u00f3mico, social y medioambiental de nuestra comunidad y de nuestro entorno.<\/li><\/ul>\n\n\n\n<h2 class=\"has-text-align-center wp-block-heading\">Nuestros principios<\/h2>\n\n\n\n<ul class=\"wp-block-list\"><li><strong>Imparcialidad:<\/strong> Actitud imparcial, actuando con objetividad profesional sin aceptar la influencia de conflictos de inter\u00e9s u otras circunstancias que pudieran cuestionar nuestra integridad.<\/li><li><strong>Transparencia:<\/strong> Actuaci\u00f3n transparente, informando al cliente de forma clara, precisa y suficiente.<\/li><li>Confidencialidad: Actuaci\u00f3n confidencial, salvaguardando el derecho del cliente a su intimidad, as\u00ed como respetando y<\/li><li>guardando los secretos a los que pudiera tener acceso.<\/li><li><strong>Profesionalidad:<\/strong> Actuaci\u00f3n profesional, de manera que se cumpla estrictamente con la legalidad vigente, al objeto de<\/li><li>evitar que se lleve a cabo cualquier actividad il\u00edcita.<\/li><li><strong>Responsabilidad:<\/strong> Actuaci\u00f3n responsable en el desarrollo de la actividad institucional e individual.<\/li><\/ul>\n\n\n\n<figure class=\"wp-block-pullquote\"><blockquote><p>Todos los empleados que trabajan en <strong>JMSM PRIVACY CONSULTING<\/strong> deben aceptar los valores, principios y normas de actuaci\u00f3n establecidas en nuestro c\u00f3digo \u00e9tico.<br>Es responsabilidad de cualquier empleado consultar con un superior jer\u00e1rquico o en su caso, con el \u00f3rgano o persona encargados de la supervisi\u00f3n y cumplimiento del c\u00f3digo \u00e9tico, cualquier duda que pueda surgirle sobre la interpretaci\u00f3n o aplicaci\u00f3n del mismo.<br><strong>JMSM PRIVACY CONSULTING<\/strong>  debe difundir entre los empleados una copia electr\u00f3nica del c\u00f3digo \u00e9tico. Adem\u00e1s, se compromete a realizar una acci\u00f3n de formaci\u00f3n en modalidad on-line, para todos los trabajadores de la compa\u00f1\u00eda, sobre las normas de conducta definidas en dicho C\u00f3digo.<br>Nos esforzaremos por difundir entre nuestros clientes, proveedores y colaboradores nuestro c\u00f3digo \u00e9tico haciendo part\u00edcipes de nuestras buenas pr\u00e1cticas a todos los agentes con los que mantenemos relaciones profesionales.<\/p><\/blockquote><\/figure>\n","protected":false},"excerpt":{"rendered":"<p>Confianza y compromiso para construir el mejor camino Todos los que formamos JMSM PRIVACY CONSULTING tenemos un fuerte compromiso con los valores que definen nuestra relaci\u00f3n con clientes y colaboradores, o con nuestros propios compa\u00f1eros.Nuestro c\u00f3digo \u00e9tico o de conducta constituye una declaraci\u00f3n expresa de los valores, principios y normas que gu\u00edan el trabajo de [&hellip;]<\/p>\n","protected":false},"author":1,"featured_media":472,"parent":0,"menu_order":0,"comment_status":"closed","ping_status":"closed","template":"","meta":{"footnotes":""},"class_list":["post-351","page","type-page","status-publish","has-post-thumbnail","hentry"],"_links":{"self":[{"href":"https:\/\/privacyconsulting.es\/index.php?rest_route=\/wp\/v2\/pages\/351","targetHints":{"allow":["GET"]}}],"collection":[{"href":"https:\/\/privacyconsulting.es\/index.php?rest_route=\/wp\/v2\/pages"}],"about":[{"href":"https:\/\/privacyconsulting.es\/index.php?rest_route=\/wp\/v2\/types\/page"}],"author":[{"embeddable":true,"href":"https:\/\/privacyconsulting.es\/index.php?rest_route=\/wp\/v2\/users\/1"}],"replies":[{"embeddable":true,"href":"https:\/\/privacyconsulting.es\/index.php?rest_route=%2Fwp%2Fv2%2Fcomments&post=351"}],"version-history":[{"count":5,"href":"https:\/\/privacyconsulting.es\/index.php?rest_route=\/wp\/v2\/pages\/351\/revisions"}],"predecessor-version":[{"id":468,"href":"https:\/\/privacyconsulting.es\/index.php?rest_route=\/wp\/v2\/pages\/351\/revisions\/468"}],"wp:featuredmedia":[{"embeddable":true,"href":"https:\/\/privacyconsulting.es\/index.php?rest_route=\/wp\/v2\/media\/472"}],"wp:attachment":[{"href":"https:\/\/privacyconsulting.es\/index.php?rest_route=%2Fwp%2Fv2%2Fmedia&parent=351"}],"curies":[{"name":"wp","href":"https:\/\/api.w.org\/{rel}","templated":true}]}}