{"id":157,"date":"2021-02-20T22:36:19","date_gmt":"2021-02-20T22:36:19","guid":{"rendered":"http:\/\/privacyconsulting.es\/?page_id=157"},"modified":"2021-02-20T22:45:39","modified_gmt":"2021-02-20T22:45:39","slug":"correccion-de-errores-del-reglamento-ue-2016-679-del-parlamento-europeo-y-del-consejo-de-27-de-abril-de-2016-relativo-a-la-proteccion-de-las-personas-fisicas-en-lo-que-respecta-al-tratamiento-de-d","status":"publish","type":"page","link":"https:\/\/privacyconsulting.es\/?page_id=157","title":{"rendered":"Correcci\u00f3n de errores del Reglamento (UE) 2016\/679 del Parlamento Europeo y del Consejo, de 27 de abril de 2016"},"content":{"rendered":"\n<div class=\"wp-block-image\"><figure class=\"aligncenter size-large is-resized\"><img loading=\"lazy\" decoding=\"async\" src=\"https:\/\/privacyconsulting.es\/wp-content\/uploads\/2021\/02\/cropped-JMSM-Transparente-e1613499886379.png\" alt=\"\" class=\"wp-image-34\" width=\"447\" height=\"167\"\/><\/figure><\/div>\n\n\n\n<h3 class=\"wp-block-heading\">Correcci\u00f3n de errores del Reglamento (UE) 2016\/679 del Parlamento Europeo y del Consejo, de 27 de abril de 2016, relativo a la protecci\u00f3n de las personas f\u00edsicas en lo que respecta al tratamiento de datos personales y a la libre circulaci\u00f3n de estos datos y por el que se deroga la Directiva 95\/46\/CE (Reglamento general de protecci\u00f3n de datos)<\/h3>\n\n\n\n<div class=\"wp-block-file\"><a href=\"https:\/\/privacyconsulting.es\/wp-content\/uploads\/2021\/02\/Correccion-de-errores-del-Reglamento-UE.pdf\">Correccion-de-errores-del-Reglamento-UE<\/a><a href=\"https:\/\/privacyconsulting.es\/wp-content\/uploads\/2021\/02\/Correccion-de-errores-del-Reglamento-UE.pdf\" class=\"wp-block-file__button\" download>Descarga<\/a><\/div>\n","protected":false},"excerpt":{"rendered":"<p>Correcci\u00f3n de errores del Reglamento (UE) 2016\/679 del Parlamento Europeo y del Consejo, de 27 de abril de 2016, relativo a la protecci\u00f3n de las personas f\u00edsicas en lo que respecta al tratamiento de datos personales y a la libre circulaci\u00f3n de estos datos y por el que se deroga la Directiva 95\/46\/CE (Reglamento general [&hellip;]<\/p>\n","protected":false},"author":1,"featured_media":0,"parent":0,"menu_order":0,"comment_status":"closed","ping_status":"closed","template":"","meta":{"footnotes":""},"class_list":["post-157","page","type-page","status-publish","hentry"],"_links":{"self":[{"href":"https:\/\/privacyconsulting.es\/index.php?rest_route=\/wp\/v2\/pages\/157","targetHints":{"allow":["GET"]}}],"collection":[{"href":"https:\/\/privacyconsulting.es\/index.php?rest_route=\/wp\/v2\/pages"}],"about":[{"href":"https:\/\/privacyconsulting.es\/index.php?rest_route=\/wp\/v2\/types\/page"}],"author":[{"embeddable":true,"href":"https:\/\/privacyconsulting.es\/index.php?rest_route=\/wp\/v2\/users\/1"}],"replies":[{"embeddable":true,"href":"https:\/\/privacyconsulting.es\/index.php?rest_route=%2Fwp%2Fv2%2Fcomments&post=157"}],"version-history":[{"count":2,"href":"https:\/\/privacyconsulting.es\/index.php?rest_route=\/wp\/v2\/pages\/157\/revisions"}],"predecessor-version":[{"id":168,"href":"https:\/\/privacyconsulting.es\/index.php?rest_route=\/wp\/v2\/pages\/157\/revisions\/168"}],"wp:attachment":[{"href":"https:\/\/privacyconsulting.es\/index.php?rest_route=%2Fwp%2Fv2%2Fmedia&parent=157"}],"curies":[{"name":"wp","href":"https:\/\/api.w.org\/{rel}","templated":true}]}}