{"id":149,"date":"2021-02-20T22:30:43","date_gmt":"2021-02-20T22:30:43","guid":{"rendered":"http:\/\/privacyconsulting.es\/?page_id=149"},"modified":"2021-02-20T22:40:15","modified_gmt":"2021-02-20T22:40:15","slug":"reglamento-ue-2016-679-del-parlamento-europeo-y-del-consejo-de-27-de-abril-de-2016-relativo-a-la-proteccion-de-las-personas-fisicas-en-lo-que-respecta-al-tratamiento-de-datos-personales-y-a-la-libre","status":"publish","type":"page","link":"https:\/\/privacyconsulting.es\/?page_id=149","title":{"rendered":"REGLAMENTO (UE) 2016\/679 DEL PARLAMENTO EUROPEO Y DEL CONSEJO de 27 de abril de 2016"},"content":{"rendered":"\n<div class=\"wp-block-image\"><figure class=\"aligncenter size-large\"><img loading=\"lazy\" decoding=\"async\" width=\"400\" height=\"150\" src=\"https:\/\/privacyconsulting.es\/wp-content\/uploads\/2021\/02\/cropped-JMSM-Transparente-e1613499886379.png\" alt=\"\" class=\"wp-image-34\"\/><\/figure><\/div>\n\n\n\n<h4 class=\"wp-block-heading\">REGLAMENTO (UE) 2016\/679 DEL PARLAMENTO EUROPEO Y DEL CONSEJO de 27 de abril de 2016 relativo a la protecci\u00f3n de las personas f\u00edsicas en lo que respecta al tratamiento de datos personales y a la libre circulaci\u00f3n de estos datos y por el que se deroga la Directiva 95\/46\/CE (Reglamento general de protecci\u00f3n de datos)<\/h4>\n\n\n\n<div class=\"wp-block-file\"><a href=\"https:\/\/privacyconsulting.es\/wp-content\/uploads\/2021\/02\/REGLAMENTO-UE-2016679-DEL-PARLAMENTO-EUROPEO-Y-DEL-CONSEJO-de-27-de-abril-de-2016.pdf\">REGLAMENTO-UE-2016679-DEL-PARLAMENTO-EUROPEO-Y-DEL-CONSEJO-de-27-de-abril-de-2016<\/a><a href=\"https:\/\/privacyconsulting.es\/wp-content\/uploads\/2021\/02\/REGLAMENTO-UE-2016679-DEL-PARLAMENTO-EUROPEO-Y-DEL-CONSEJO-de-27-de-abril-de-2016.pdf\" class=\"wp-block-file__button\" download>Descarga<\/a><\/div>\n\n\n\n<p><\/p>\n","protected":false},"excerpt":{"rendered":"<p>REGLAMENTO (UE) 2016\/679 DEL PARLAMENTO EUROPEO Y DEL CONSEJO de 27 de abril de 2016 relativo a la protecci\u00f3n de las personas f\u00edsicas en lo que respecta al tratamiento de datos personales y a la libre circulaci\u00f3n de estos datos y por el que se deroga la Directiva 95\/46\/CE (Reglamento general de protecci\u00f3n de datos)<\/p>\n","protected":false},"author":1,"featured_media":0,"parent":0,"menu_order":0,"comment_status":"closed","ping_status":"closed","template":"","meta":{"footnotes":""},"class_list":["post-149","page","type-page","status-publish","hentry"],"_links":{"self":[{"href":"https:\/\/privacyconsulting.es\/index.php?rest_route=\/wp\/v2\/pages\/149","targetHints":{"allow":["GET"]}}],"collection":[{"href":"https:\/\/privacyconsulting.es\/index.php?rest_route=\/wp\/v2\/pages"}],"about":[{"href":"https:\/\/privacyconsulting.es\/index.php?rest_route=\/wp\/v2\/types\/page"}],"author":[{"embeddable":true,"href":"https:\/\/privacyconsulting.es\/index.php?rest_route=\/wp\/v2\/users\/1"}],"replies":[{"embeddable":true,"href":"https:\/\/privacyconsulting.es\/index.php?rest_route=%2Fwp%2Fv2%2Fcomments&post=149"}],"version-history":[{"count":3,"href":"https:\/\/privacyconsulting.es\/index.php?rest_route=\/wp\/v2\/pages\/149\/revisions"}],"predecessor-version":[{"id":166,"href":"https:\/\/privacyconsulting.es\/index.php?rest_route=\/wp\/v2\/pages\/149\/revisions\/166"}],"wp:attachment":[{"href":"https:\/\/privacyconsulting.es\/index.php?rest_route=%2Fwp%2Fv2%2Fmedia&parent=149"}],"curies":[{"name":"wp","href":"https:\/\/api.w.org\/{rel}","templated":true}]}}